{"id":18,"date":"2025-09-17T08:04:12","date_gmt":"2025-09-17T08:04:12","guid":{"rendered":"https:\/\/www.yinedustukyollara.com\/?page_id=18"},"modified":"2025-09-22T21:30:57","modified_gmt":"2025-09-22T21:30:57","slug":"homepage","status":"publish","type":"page","link":"https:\/\/www.yinedustukyollara.com\/","title":{"rendered":"Homepage"},"content":{"rendered":"\n<div class=\"wp-block-cover alignfull is-light\" style=\"min-height:444px;aspect-ratio:unset;\"><video class=\"wp-block-cover__video-background intrinsic-ignore\" autoplay muted loop playsinline src=\"https:\/\/demo.wpzoom.com\/inspiro-lite\/files\/2022\/03\/Pexels-Videos-1409899-1.mp4\" data-object-fit=\"cover\"><\/video><span aria-hidden=\"true\" class=\"wp-block-cover__background has-background-dim-20 has-background-dim\"><\/span><div class=\"wp-block-cover__inner-container has-global-padding is-layout-constrained wp-block-cover-is-layout-constrained\">\n<p class=\"has-text-align-center has-white-color has-text-color has-max-60-font-size\" style=\"font-style:normal;font-weight:900;line-height:1.2\">Yine D\u00fc\u015ft\u00fck Yollara&#8230;<\/p>\n\n\n\n<p class=\"has-text-align-center has-white-color has-text-color has-medium-font-size\">T\u00fcrkiye&#8217;nin \u0130lk Gezi G\u00fcncesi<\/p>\n\n\n\n<div style=\"height:55px\" aria-hidden=\"true\" class=\"wp-block-spacer\"><\/div>\n<\/div><\/div>\n\n\n\n<div id=\"services\" class=\"wp-block-group alignfull pattern_multiple_covers has-background has-global-padding is-layout-constrained wp-block-group-is-layout-constrained\">\n<p class=\"has-text-align-left has-secondary-color has-text-color\" style=\"letter-spacing:1px\"><\/p>\n\n\n\n<figure class=\"wp-block-gallery has-nested-images columns-default is-cropped wp-block-gallery-1 is-layout-flex wp-block-gallery-is-layout-flex\">\n<figure class=\"wp-block-image size-large\"><img loading=\"lazy\" decoding=\"async\" width=\"440\" height=\"663\" data-id=\"108\" src=\"https:\/\/www.yinedustukyollara.com\/wp-content\/uploads\/2025\/09\/corinth3000001.jpg\" alt=\"\" class=\"wp-image-108\" srcset=\"https:\/\/www.yinedustukyollara.com\/wp-content\/uploads\/2025\/09\/corinth3000001.jpg 440w, https:\/\/www.yinedustukyollara.com\/wp-content\/uploads\/2025\/09\/corinth3000001-199x300.jpg 199w\" sizes=\"auto, (max-width: 440px) 100vw, 440px\" \/><\/figure>\n\n\n\n<figure class=\"wp-block-image size-large is-style-default\"><a href=\"https:\/\/www.yinedustukyollara.com\/index.php\/2006\/03\/16\/yunanistan\/\"><img loading=\"lazy\" decoding=\"async\" width=\"439\" height=\"329\" data-id=\"109\" src=\"https:\/\/www.yinedustukyollara.com\/wp-content\/uploads\/2025\/09\/pireas.jpg\" alt=\"\" class=\"wp-image-109\" srcset=\"https:\/\/www.yinedustukyollara.com\/wp-content\/uploads\/2025\/09\/pireas.jpg 439w, https:\/\/www.yinedustukyollara.com\/wp-content\/uploads\/2025\/09\/pireas-300x225.jpg 300w\" sizes=\"auto, (max-width: 439px) 100vw, 439px\" \/><\/a><figcaption class=\"wp-element-caption\">YUNAN\u0130STAN<\/figcaption><\/figure>\n\n\n\n<figure class=\"wp-block-image size-large\"><img loading=\"lazy\" decoding=\"async\" width=\"437\" height=\"300\" data-id=\"107\" src=\"https:\/\/www.yinedustukyollara.com\/wp-content\/uploads\/2025\/09\/plaka1.jpg\" alt=\"\" class=\"wp-image-107\" srcset=\"https:\/\/www.yinedustukyollara.com\/wp-content\/uploads\/2025\/09\/plaka1.jpg 437w, https:\/\/www.yinedustukyollara.com\/wp-content\/uploads\/2025\/09\/plaka1-300x206.jpg 300w\" sizes=\"auto, (max-width: 437px) 100vw, 437px\" \/><\/figure>\n\n\n\n<figure class=\"wp-block-image size-large\"><img loading=\"lazy\" decoding=\"async\" width=\"437\" height=\"293\" data-id=\"106\" src=\"https:\/\/www.yinedustukyollara.com\/wp-content\/uploads\/2025\/09\/atina3000001.jpg\" alt=\"\" class=\"wp-image-106\" srcset=\"https:\/\/www.yinedustukyollara.com\/wp-content\/uploads\/2025\/09\/atina3000001.jpg 437w, https:\/\/www.yinedustukyollara.com\/wp-content\/uploads\/2025\/09\/atina3000001-300x201.jpg 300w\" sizes=\"auto, (max-width: 437px) 100vw, 437px\" \/><\/figure>\n\n\n\n<figure class=\"wp-block-image size-large\"><img loading=\"lazy\" decoding=\"async\" width=\"438\" height=\"293\" data-id=\"105\" src=\"https:\/\/www.yinedustukyollara.com\/wp-content\/uploads\/2025\/09\/atina6000001.jpg\" alt=\"\" class=\"wp-image-105\" srcset=\"https:\/\/www.yinedustukyollara.com\/wp-content\/uploads\/2025\/09\/atina6000001.jpg 438w, https:\/\/www.yinedustukyollara.com\/wp-content\/uploads\/2025\/09\/atina6000001-300x201.jpg 300w\" sizes=\"auto, (max-width: 438px) 100vw, 438px\" \/><\/figure>\n\n\n\n<figure class=\"wp-block-image size-large\"><img loading=\"lazy\" decoding=\"async\" width=\"437\" height=\"281\" data-id=\"104\" src=\"https:\/\/www.yinedustukyollara.com\/wp-content\/uploads\/2025\/09\/kavala300001.jpg\" alt=\"\" class=\"wp-image-104\" srcset=\"https:\/\/www.yinedustukyollara.com\/wp-content\/uploads\/2025\/09\/kavala300001.jpg 437w, https:\/\/www.yinedustukyollara.com\/wp-content\/uploads\/2025\/09\/kavala300001-300x193.jpg 300w\" sizes=\"auto, (max-width: 437px) 100vw, 437px\" \/><\/figure>\n\n\n\n<figure class=\"wp-block-image size-large\"><a href=\"https:\/\/www.yinedustukyollara.com\/index.php\/2007\/06\/12\/sarialan-yaylasi-bolu\/\"><img loading=\"lazy\" decoding=\"async\" width=\"307\" height=\"405\" data-id=\"182\" src=\"https:\/\/www.yinedustukyollara.com\/wp-content\/uploads\/2025\/09\/yayla2u.jpg\" alt=\"\" class=\"wp-image-182\" srcset=\"https:\/\/www.yinedustukyollara.com\/wp-content\/uploads\/2025\/09\/yayla2u.jpg 307w, https:\/\/www.yinedustukyollara.com\/wp-content\/uploads\/2025\/09\/yayla2u-227x300.jpg 227w\" sizes=\"auto, (max-width: 307px) 100vw, 307px\" \/><\/a><figcaption class=\"wp-element-caption\"><h1 style=\"font-size:300%;\"><font color=\"white\">SARIALAN \/ BOLU<\/font><\/h1><\/figcaption><\/figure>\n\n\n\n<figure class=\"wp-block-image size-full\"><a href=\"https:\/\/www.yinedustukyollara.com\/index.php\/2006\/03\/16\/yunanistan\/\"><img loading=\"lazy\" decoding=\"async\" width=\"439\" height=\"671\" data-id=\"100\" src=\"https:\/\/www.yinedustukyollara.com\/wp-content\/uploads\/2025\/09\/selanik13001.jpg\" alt=\"\" class=\"wp-image-100\" srcset=\"https:\/\/www.yinedustukyollara.com\/wp-content\/uploads\/2025\/09\/selanik13001.jpg 439w, https:\/\/www.yinedustukyollara.com\/wp-content\/uploads\/2025\/09\/selanik13001-196x300.jpg 196w\" sizes=\"auto, (max-width: 439px) 100vw, 439px\" \/><\/a><figcaption class=\"wp-element-caption\"><h1 style=\"font-size:300%;\"><font color=\"white\">YUNAN\u0130STAN<\/font><\/h1><\/figcaption><\/figure>\n\n\n\n<figure class=\"wp-block-image size-large\"><a href=\"https:\/\/www.yinedustukyollara.com\/index.php\/2006\/09\/25\/edirne\/\"><img loading=\"lazy\" decoding=\"async\" width=\"438\" height=\"283\" data-id=\"159\" src=\"https:\/\/www.yinedustukyollara.com\/wp-content\/uploads\/2025\/09\/yuruyus.jpg\" alt=\"\" class=\"wp-image-159\" srcset=\"https:\/\/www.yinedustukyollara.com\/wp-content\/uploads\/2025\/09\/yuruyus.jpg 438w, https:\/\/www.yinedustukyollara.com\/wp-content\/uploads\/2025\/09\/yuruyus-300x194.jpg 300w\" sizes=\"auto, (max-width: 438px) 100vw, 438px\" \/><\/a><figcaption class=\"wp-element-caption\"><h1 style=\"font-size:300%;\"><font color=\"white\">ED\u0130RNE<\/font><\/h1><\/figcaption><\/figure>\n<\/figure>\n\n\n\n<h2 class=\"wp-block-heading\"><\/h2>\n\n\n\n<h2 class=\"wp-block-heading\"><\/h2>\n<\/div>\n\n\n\n<div class=\"wp-block-cover alignfull has-parallax is-position-center-center\" style=\"border-radius:0px\"><div class=\"wp-block-cover__image-background wp-image-24 has-parallax\" style=\"background-position:50% 50%;background-image:url(https:\/\/www.yinedustukyollara.com\/wp-content\/themes\/inspiro\/assets\/images\/StockSnap_M6D1GS9PSL.jpg)\"><\/div><span aria-hidden=\"true\" class=\"wp-block-cover__background has-black-background-color has-background-dim-40 has-background-dim\"><\/span><div class=\"wp-block-cover__inner-container is-layout-flow wp-block-cover-is-layout-flow\">\n<div class=\"wp-block-group has-global-padding is-layout-constrained wp-block-group-is-layout-constrained\">\n<h3 class=\"wp-block-heading has-text-align-center has-text-color has-medium-font-size\" style=\"color:#fffffa;text-transform:uppercase\">Unleash your creativity with Inspiro<\/h3>\n\n\n\n<p class=\"has-text-align-center has-white-color has-text-color\">This is some dummy copy. You\u2019re not really supposed to read this dummy copy, it is just a placeholder for people who need some type to visualize what the actual copy might look like if it were real content.<\/p>\n\n\n\n<div style=\"height:31px\" aria-hidden=\"true\" class=\"wp-block-spacer\"><\/div>\n\n\n\n<div class=\"wp-block-buttons is-horizontal is-content-justification-center is-layout-flex wp-container-core-buttons-is-layout-03627597 wp-block-buttons-is-layout-flex\">\n<div class=\"wp-block-button is-style-outline is-style-outline--2\"><a class=\"wp-block-button__link has-white-color has-text-color wp-element-button\" href=\"#\" style=\"border-radius:0px\">CONTACT US<\/a><\/div>\n<\/div>\n<\/div>\n<\/div><\/div>\n\n\n\n<div id=\"news\" class=\"wp-block-group has-global-padding is-layout-constrained wp-block-group-is-layout-constrained\">\n<div style=\"height:108px\" aria-hidden=\"true\" class=\"wp-block-spacer\"><\/div>\n\n\n\n<p class=\"has-text-align-left has-secondary-color has-text-color\">FROM THE BLOG<\/p>\n\n\n\n<h2 class=\"wp-block-heading has-text-align-left\">Son Yaz\u0131lar&#8230;<\/h2>\n\n\n\n<div style=\"height:33px\" aria-hidden=\"true\" class=\"wp-block-spacer\"><\/div>\n\n\n\n<div class=\"wp-block-query is-layout-flow wp-block-query-is-layout-flow\"><ul class=\"columns-3 wp-block-post-template is-layout-grid wp-container-core-post-template-is-layout-6aac66c0 wp-block-post-template-is-layout-grid\"><li class=\"wp-block-post post-42 post type-post status-publish format-standard has-post-thumbnail hentry category-uncategorized\">\n<figure style=\"width:100%;height:240px; margin-bottom:var(--wp--preset--spacing--x-small);\" class=\"wp-block-post-featured-image\"><a href=\"https:\/\/www.yinedustukyollara.com\/index.php\/2008\/06\/10\/trt-tvde-turk-site\/\" target=\"_self\"  style=\"height:240px\"><img loading=\"lazy\" decoding=\"async\" width=\"2092\" height=\"1456\" src=\"https:\/\/www.yinedustukyollara.com\/wp-content\/uploads\/2025\/09\/Ekran-Resmi-2025-09-17-13.11.47.png\" class=\"attachment-post-thumbnail size-post-thumbnail wp-post-image\" alt=\"TRT-TV&#8217;DE 25.MAYIS.2008 &#8220;T\u00dcRK S\u0130TE&#8221;\" style=\"border-radius:5px;height:240px;object-fit:cover;\" srcset=\"https:\/\/www.yinedustukyollara.com\/wp-content\/uploads\/2025\/09\/Ekran-Resmi-2025-09-17-13.11.47.png 2092w, https:\/\/www.yinedustukyollara.com\/wp-content\/uploads\/2025\/09\/Ekran-Resmi-2025-09-17-13.11.47-300x209.png 300w, https:\/\/www.yinedustukyollara.com\/wp-content\/uploads\/2025\/09\/Ekran-Resmi-2025-09-17-13.11.47-1024x713.png 1024w, https:\/\/www.yinedustukyollara.com\/wp-content\/uploads\/2025\/09\/Ekran-Resmi-2025-09-17-13.11.47-2000x1392.png 2000w\" sizes=\"auto, 100vw\" \/><\/a><\/figure>\n\n<div style=\"margin-top:0;margin-bottom:0;\" class=\"has-link-color wp-elements-a1817b6b9e4eaefd5826fde68b0a8fdb wp-block-post-date has-text-color has-tertiary-color\"><time datetime=\"2008-06-10T09:06:29+00:00\">10 Haziran 2008<\/time><\/div>\n\n<h3 style=\"margin-top:0;margin-bottom:var(--wp--preset--spacing--x-small);\" class=\"has-link-color wp-elements-2e75b4e4fab489cf445e03eda13279d1 wp-block-post-title\"><a href=\"https:\/\/www.yinedustukyollara.com\/index.php\/2008\/06\/10\/trt-tvde-turk-site\/\" target=\"_self\" >TRT-TV&#8217;DE 25.MAYIS.2008 &#8220;T\u00dcRK S\u0130TE&#8221;<\/a><\/h3>\n\n<div class=\"has-link-color wp-elements-61eeeb1d6c31f3761cb8bc35b6e1a095 wp-block-post-excerpt has-text-color has-tertiary-color\"><p class=\"wp-block-post-excerpt__excerpt\"> <\/p><\/div>\n\n<a style=\"text-transform:uppercase; border-width:2px; padding-right:var(--wp--preset--spacing--x-small);padding-left:var(--wp--preset--spacing--x-small);padding-top:10px;padding-bottom:10px;\" class=\"wp-block-read-more has-text-color has-foreground-color\" href=\"https:\/\/www.yinedustukyollara.com\/index.php\/2008\/06\/10\/trt-tvde-turk-site\/\" target=\"_self\">Devam\u0131n\u0131 oku<span class=\"screen-reader-text\">: TRT-TV&#8217;DE 25.MAYIS.2008 &#8220;T\u00dcRK S\u0130TE&#8221;<\/span><\/a>\n<\/li><li class=\"wp-block-post post-44 post type-post status-publish format-standard has-post-thumbnail hentry category-uncategorized\">\n<figure style=\"width:100%;height:240px; margin-bottom:var(--wp--preset--spacing--x-small);\" class=\"wp-block-post-featured-image\"><a href=\"https:\/\/www.yinedustukyollara.com\/index.php\/2008\/06\/01\/1-mayis-2008-hurriyet\/\" target=\"_self\"  style=\"height:240px\"><img loading=\"lazy\" decoding=\"async\" width=\"1014\" height=\"727\" src=\"https:\/\/www.yinedustukyollara.com\/wp-content\/uploads\/2025\/09\/60hurriyet1.jpg\" class=\"attachment-post-thumbnail size-post-thumbnail wp-post-image\" alt=\"1.MAYIS.2008 H\u00dcRR\u0130YET\" style=\"border-radius:5px;height:240px;object-fit:cover;\" srcset=\"https:\/\/www.yinedustukyollara.com\/wp-content\/uploads\/2025\/09\/60hurriyet1.jpg 1014w, https:\/\/www.yinedustukyollara.com\/wp-content\/uploads\/2025\/09\/60hurriyet1-300x215.jpg 300w\" sizes=\"auto, 100vw\" \/><\/a><\/figure>\n\n<div style=\"margin-top:0;margin-bottom:0;\" class=\"has-link-color wp-elements-a1817b6b9e4eaefd5826fde68b0a8fdb wp-block-post-date has-text-color has-tertiary-color\"><time datetime=\"2008-06-01T09:07:00+00:00\">1 Haziran 2008<\/time><\/div>\n\n<h3 style=\"margin-top:0;margin-bottom:var(--wp--preset--spacing--x-small);\" class=\"has-link-color wp-elements-2e75b4e4fab489cf445e03eda13279d1 wp-block-post-title\"><a href=\"https:\/\/www.yinedustukyollara.com\/index.php\/2008\/06\/01\/1-mayis-2008-hurriyet\/\" target=\"_self\" >1.MAYIS.2008 H\u00dcRR\u0130YET<\/a><\/h3>\n\n<div class=\"has-link-color wp-elements-61eeeb1d6c31f3761cb8bc35b6e1a095 wp-block-post-excerpt has-text-color has-tertiary-color\"><p class=\"wp-block-post-excerpt__excerpt\"> <\/p><\/div>\n\n<a style=\"text-transform:uppercase; border-width:2px; padding-right:var(--wp--preset--spacing--x-small);padding-left:var(--wp--preset--spacing--x-small);padding-top:10px;padding-bottom:10px;\" class=\"wp-block-read-more has-text-color has-foreground-color\" href=\"https:\/\/www.yinedustukyollara.com\/index.php\/2008\/06\/01\/1-mayis-2008-hurriyet\/\" target=\"_self\">Devam\u0131n\u0131 oku<span class=\"screen-reader-text\">: 1.MAYIS.2008 H\u00dcRR\u0130YET<\/span><\/a>\n<\/li><li class=\"wp-block-post post-46 post type-post status-publish format-standard has-post-thumbnail hentry category-uncategorized\">\n<figure style=\"width:100%;height:240px; margin-bottom:var(--wp--preset--spacing--x-small);\" class=\"wp-block-post-featured-image\"><a href=\"https:\/\/www.yinedustukyollara.com\/index.php\/2008\/02\/25\/14-ocak-2008-hurriyet\/\" target=\"_self\"  style=\"height:240px\"><img loading=\"lazy\" decoding=\"async\" width=\"1022\" height=\"2449\" src=\"https:\/\/www.yinedustukyollara.com\/wp-content\/uploads\/2008\/02\/meteorakapak.jpg\" class=\"attachment-post-thumbnail size-post-thumbnail wp-post-image\" alt=\"14.OCAK.2008 H\u00dcRR\u0130YET\" style=\"border-radius:5px;height:240px;object-fit:cover;\" srcset=\"https:\/\/www.yinedustukyollara.com\/wp-content\/uploads\/2008\/02\/meteorakapak.jpg 1022w, https:\/\/www.yinedustukyollara.com\/wp-content\/uploads\/2008\/02\/meteorakapak-125x300.jpg 125w, https:\/\/www.yinedustukyollara.com\/wp-content\/uploads\/2008\/02\/meteorakapak-427x1024.jpg 427w\" sizes=\"auto, 100vw\" \/><\/a><\/figure>\n\n<div style=\"margin-top:0;margin-bottom:0;\" class=\"has-link-color wp-elements-a1817b6b9e4eaefd5826fde68b0a8fdb wp-block-post-date has-text-color has-tertiary-color\"><time datetime=\"2008-02-25T09:08:00+00:00\">25 \u015eubat 2008<\/time><\/div>\n\n<h3 style=\"margin-top:0;margin-bottom:var(--wp--preset--spacing--x-small);\" class=\"has-link-color wp-elements-2e75b4e4fab489cf445e03eda13279d1 wp-block-post-title\"><a href=\"https:\/\/www.yinedustukyollara.com\/index.php\/2008\/02\/25\/14-ocak-2008-hurriyet\/\" target=\"_self\" >14.OCAK.2008 H\u00dcRR\u0130YET<\/a><\/h3>\n\n<div class=\"has-link-color wp-elements-61eeeb1d6c31f3761cb8bc35b6e1a095 wp-block-post-excerpt has-text-color has-tertiary-color\"><p class=\"wp-block-post-excerpt__excerpt\"> <\/p><\/div>\n\n<a style=\"text-transform:uppercase; border-width:2px; padding-right:var(--wp--preset--spacing--x-small);padding-left:var(--wp--preset--spacing--x-small);padding-top:10px;padding-bottom:10px;\" class=\"wp-block-read-more has-text-color has-foreground-color\" href=\"https:\/\/www.yinedustukyollara.com\/index.php\/2008\/02\/25\/14-ocak-2008-hurriyet\/\" target=\"_self\">Devam\u0131n\u0131 oku<span class=\"screen-reader-text\">: 14.OCAK.2008 H\u00dcRR\u0130YET<\/span><\/a>\n<\/li><\/ul>\n\n<\/div>\n\n\n\n<div style=\"height:85px\" aria-hidden=\"true\" class=\"wp-block-spacer\"><\/div>\n<\/div>\n","protected":false},"excerpt":{"rendered":"<p>FROM THE BLOG Son Yaz\u0131lar&#8230;<\/p>\n","protected":false},"author":2,"featured_media":99,"parent":0,"menu_order":0,"comment_status":"closed","ping_status":"closed","template":"page-templates\/homepage-builder-bb.php","meta":{"footnotes":""},"class_list":["post-18","page","type-page","status-publish","has-post-thumbnail","hentry"],"yoast_head":"<!-- This site is optimized with the Yoast SEO plugin v26.0 - https:\/\/yoast.com\/wordpress\/plugins\/seo\/ -->\n<title>Homepage - Yine D\u00fc\u015ft\u00fck Yollara<\/title>\n<meta name=\"robots\" content=\"index, follow, max-snippet:-1, max-image-preview:large, max-video-preview:-1\" \/>\n<link rel=\"canonical\" href=\"https:\/\/www.yinedustukyollara.com\/\" \/>\n<meta property=\"og:locale\" content=\"tr_TR\" \/>\n<meta property=\"og:type\" content=\"article\" \/>\n<meta property=\"og:title\" content=\"Homepage - Yine D\u00fc\u015ft\u00fck Yollara\" \/>\n<meta property=\"og:description\" content=\"FROM THE BLOG Son Yaz\u0131lar&#8230;\" \/>\n<meta property=\"og:url\" content=\"https:\/\/www.yinedustukyollara.com\/\" \/>\n<meta property=\"og:site_name\" content=\"Yine D\u00fc\u015ft\u00fck Yollara\" \/>\n<meta property=\"article:publisher\" content=\"https:\/\/www.facebook.com\/yinedustukyollaraaa\/\" \/>\n<meta property=\"article:modified_time\" content=\"2025-09-22T21:30:57+00:00\" \/>\n<meta property=\"og:image\" content=\"https:\/\/www.yinedustukyollara.com\/wp-content\/uploads\/2025\/09\/greece1.jpg\" \/>\n\t<meta property=\"og:image:width\" content=\"437\" \/>\n\t<meta property=\"og:image:height\" content=\"649\" \/>\n\t<meta property=\"og:image:type\" content=\"image\/jpeg\" \/>\n<meta name=\"twitter:card\" content=\"summary_large_image\" \/>\n<meta name=\"twitter:label1\" content=\"Tahmini okuma s\u00fcresi\" \/>\n\t<meta name=\"twitter:data1\" content=\"3 dakika\" \/>\n<script type=\"application\/ld+json\" class=\"yoast-schema-graph\">{\"@context\":\"https:\/\/schema.org\",\"@graph\":[{\"@type\":\"WebPage\",\"@id\":\"https:\/\/www.yinedustukyollara.com\/\",\"url\":\"https:\/\/www.yinedustukyollara.com\/\",\"name\":\"Homepage - Yine D\u00fc\u015ft\u00fck Yollara\",\"isPartOf\":{\"@id\":\"https:\/\/www.yinedustukyollara.com\/#website\"},\"primaryImageOfPage\":{\"@id\":\"https:\/\/www.yinedustukyollara.com\/#primaryimage\"},\"image\":{\"@id\":\"https:\/\/www.yinedustukyollara.com\/#primaryimage\"},\"thumbnailUrl\":\"https:\/\/www.yinedustukyollara.com\/wp-content\/uploads\/2025\/09\/greece1.jpg\",\"datePublished\":\"2025-09-17T08:04:12+00:00\",\"dateModified\":\"2025-09-22T21:30:57+00:00\",\"breadcrumb\":{\"@id\":\"https:\/\/www.yinedustukyollara.com\/#breadcrumb\"},\"inLanguage\":\"tr\",\"potentialAction\":[{\"@type\":\"ReadAction\",\"target\":[\"https:\/\/www.yinedustukyollara.com\/\"]}]},{\"@type\":\"ImageObject\",\"inLanguage\":\"tr\",\"@id\":\"https:\/\/www.yinedustukyollara.com\/#primaryimage\",\"url\":\"https:\/\/www.yinedustukyollara.com\/wp-content\/uploads\/2025\/09\/greece1.jpg\",\"contentUrl\":\"https:\/\/www.yinedustukyollara.com\/wp-content\/uploads\/2025\/09\/greece1.jpg\",\"width\":437,\"height\":649},{\"@type\":\"BreadcrumbList\",\"@id\":\"https:\/\/www.yinedustukyollara.com\/#breadcrumb\",\"itemListElement\":[{\"@type\":\"ListItem\",\"position\":1,\"name\":\"Anasayfa\",\"item\":\"https:\/\/www.yinedustukyollara.com\/\"},{\"@type\":\"ListItem\",\"position\":2,\"name\":\"Homepage\"}]},{\"@type\":\"WebSite\",\"@id\":\"https:\/\/www.yinedustukyollara.com\/#website\",\"url\":\"https:\/\/www.yinedustukyollara.com\/\",\"name\":\"Yine D\u00fc\u015ft\u00fck Yollara\",\"description\":\"T\u00fcrkiye&#039;nin \u0130lk Seyahat G\u00fcncesi\",\"publisher\":{\"@id\":\"https:\/\/www.yinedustukyollara.com\/#organization\"},\"potentialAction\":[{\"@type\":\"SearchAction\",\"target\":{\"@type\":\"EntryPoint\",\"urlTemplate\":\"https:\/\/www.yinedustukyollara.com\/?s={search_term_string}\"},\"query-input\":{\"@type\":\"PropertyValueSpecification\",\"valueRequired\":true,\"valueName\":\"search_term_string\"}}],\"inLanguage\":\"tr\"},{\"@type\":\"Organization\",\"@id\":\"https:\/\/www.yinedustukyollara.com\/#organization\",\"name\":\"Yine D\u00fc\u015ft\u00fck Yollara\",\"url\":\"https:\/\/www.yinedustukyollara.com\/\",\"logo\":{\"@type\":\"ImageObject\",\"inLanguage\":\"tr\",\"@id\":\"https:\/\/www.yinedustukyollara.com\/#\/schema\/logo\/image\/\",\"url\":\"https:\/\/www.yinedustukyollara.com\/wp-content\/uploads\/2025\/09\/YDYYENI.png\",\"contentUrl\":\"https:\/\/www.yinedustukyollara.com\/wp-content\/uploads\/2025\/09\/YDYYENI.png\",\"width\":386,\"height\":280,\"caption\":\"Yine D\u00fc\u015ft\u00fck Yollara\"},\"image\":{\"@id\":\"https:\/\/www.yinedustukyollara.com\/#\/schema\/logo\/image\/\"},\"sameAs\":[\"https:\/\/www.facebook.com\/yinedustukyollaraaa\/\"]}]}<\/script>\n<!-- \/ Yoast SEO plugin. -->","yoast_head_json":{"title":"Homepage - Yine D\u00fc\u015ft\u00fck Yollara","robots":{"index":"index","follow":"follow","max-snippet":"max-snippet:-1","max-image-preview":"max-image-preview:large","max-video-preview":"max-video-preview:-1"},"canonical":"https:\/\/www.yinedustukyollara.com\/","og_locale":"tr_TR","og_type":"article","og_title":"Homepage - Yine D\u00fc\u015ft\u00fck Yollara","og_description":"FROM THE BLOG Son Yaz\u0131lar&#8230;","og_url":"https:\/\/www.yinedustukyollara.com\/","og_site_name":"Yine D\u00fc\u015ft\u00fck Yollara","article_publisher":"https:\/\/www.facebook.com\/yinedustukyollaraaa\/","article_modified_time":"2025-09-22T21:30:57+00:00","og_image":[{"width":437,"height":649,"url":"https:\/\/www.yinedustukyollara.com\/wp-content\/uploads\/2025\/09\/greece1.jpg","type":"image\/jpeg"}],"twitter_card":"summary_large_image","twitter_misc":{"Tahmini okuma s\u00fcresi":"3 dakika"},"schema":{"@context":"https:\/\/schema.org","@graph":[{"@type":"WebPage","@id":"https:\/\/www.yinedustukyollara.com\/","url":"https:\/\/www.yinedustukyollara.com\/","name":"Homepage - Yine D\u00fc\u015ft\u00fck Yollara","isPartOf":{"@id":"https:\/\/www.yinedustukyollara.com\/#website"},"primaryImageOfPage":{"@id":"https:\/\/www.yinedustukyollara.com\/#primaryimage"},"image":{"@id":"https:\/\/www.yinedustukyollara.com\/#primaryimage"},"thumbnailUrl":"https:\/\/www.yinedustukyollara.com\/wp-content\/uploads\/2025\/09\/greece1.jpg","datePublished":"2025-09-17T08:04:12+00:00","dateModified":"2025-09-22T21:30:57+00:00","breadcrumb":{"@id":"https:\/\/www.yinedustukyollara.com\/#breadcrumb"},"inLanguage":"tr","potentialAction":[{"@type":"ReadAction","target":["https:\/\/www.yinedustukyollara.com\/"]}]},{"@type":"ImageObject","inLanguage":"tr","@id":"https:\/\/www.yinedustukyollara.com\/#primaryimage","url":"https:\/\/www.yinedustukyollara.com\/wp-content\/uploads\/2025\/09\/greece1.jpg","contentUrl":"https:\/\/www.yinedustukyollara.com\/wp-content\/uploads\/2025\/09\/greece1.jpg","width":437,"height":649},{"@type":"BreadcrumbList","@id":"https:\/\/www.yinedustukyollara.com\/#breadcrumb","itemListElement":[{"@type":"ListItem","position":1,"name":"Anasayfa","item":"https:\/\/www.yinedustukyollara.com\/"},{"@type":"ListItem","position":2,"name":"Homepage"}]},{"@type":"WebSite","@id":"https:\/\/www.yinedustukyollara.com\/#website","url":"https:\/\/www.yinedustukyollara.com\/","name":"Yine D\u00fc\u015ft\u00fck Yollara","description":"T\u00fcrkiye&#039;nin \u0130lk Seyahat G\u00fcncesi","publisher":{"@id":"https:\/\/www.yinedustukyollara.com\/#organization"},"potentialAction":[{"@type":"SearchAction","target":{"@type":"EntryPoint","urlTemplate":"https:\/\/www.yinedustukyollara.com\/?s={search_term_string}"},"query-input":{"@type":"PropertyValueSpecification","valueRequired":true,"valueName":"search_term_string"}}],"inLanguage":"tr"},{"@type":"Organization","@id":"https:\/\/www.yinedustukyollara.com\/#organization","name":"Yine D\u00fc\u015ft\u00fck Yollara","url":"https:\/\/www.yinedustukyollara.com\/","logo":{"@type":"ImageObject","inLanguage":"tr","@id":"https:\/\/www.yinedustukyollara.com\/#\/schema\/logo\/image\/","url":"https:\/\/www.yinedustukyollara.com\/wp-content\/uploads\/2025\/09\/YDYYENI.png","contentUrl":"https:\/\/www.yinedustukyollara.com\/wp-content\/uploads\/2025\/09\/YDYYENI.png","width":386,"height":280,"caption":"Yine D\u00fc\u015ft\u00fck Yollara"},"image":{"@id":"https:\/\/www.yinedustukyollara.com\/#\/schema\/logo\/image\/"},"sameAs":["https:\/\/www.facebook.com\/yinedustukyollaraaa\/"]}]}},"_links":{"self":[{"href":"https:\/\/www.yinedustukyollara.com\/index.php\/wp-json\/wp\/v2\/pages\/18","targetHints":{"allow":["GET"]}}],"collection":[{"href":"https:\/\/www.yinedustukyollara.com\/index.php\/wp-json\/wp\/v2\/pages"}],"about":[{"href":"https:\/\/www.yinedustukyollara.com\/index.php\/wp-json\/wp\/v2\/types\/page"}],"author":[{"embeddable":true,"href":"https:\/\/www.yinedustukyollara.com\/index.php\/wp-json\/wp\/v2\/users\/2"}],"replies":[{"embeddable":true,"href":"https:\/\/www.yinedustukyollara.com\/index.php\/wp-json\/wp\/v2\/comments?post=18"}],"version-history":[{"count":28,"href":"https:\/\/www.yinedustukyollara.com\/index.php\/wp-json\/wp\/v2\/pages\/18\/revisions"}],"predecessor-version":[{"id":198,"href":"https:\/\/www.yinedustukyollara.com\/index.php\/wp-json\/wp\/v2\/pages\/18\/revisions\/198"}],"wp:featuredmedia":[{"embeddable":true,"href":"https:\/\/www.yinedustukyollara.com\/index.php\/wp-json\/wp\/v2\/media\/99"}],"wp:attachment":[{"href":"https:\/\/www.yinedustukyollara.com\/index.php\/wp-json\/wp\/v2\/media?parent=18"}],"curies":[{"name":"wp","href":"https:\/\/api.w.org\/{rel}","templated":true}]}}